{"id":9301,"date":"2018-06-06T14:52:35","date_gmt":"2018-06-06T12:52:35","guid":{"rendered":"https:\/\/www.mbs-europe.com\/empresa\/partnership\/"},"modified":"2024-01-11T10:00:48","modified_gmt":"2024-01-11T09:00:48","slug":"partnership","status":"publish","type":"page","link":"https:\/\/www.mbs-europe.com\/es\/empresa\/partnership\/","title":{"rendered":"Partnership"},"content":{"rendered":"<p>[vc_row][vc_column][vc_single_image image=\u00bb9665&#8243; img_size=\u00bbfull\u00bb alignment=\u00bbcenter\u00bb css=\u00bb.vc_custom_1529919716905{margin-bottom: 0px !important;}\u00bb][\/vc_column][\/vc_row][vc_row content_placement=\u00bbtop\u00bb css=\u00bb.vc_custom_1523953825332{margin-bottom: 30px !important;}\u00bb][vc_column][vc_custom_heading text=\u00bbLa historia de un grupo\u00bb font_container=\u00bbtag:h3|text_align:left|color:%23213978&#8243; google_fonts=\u00bbfont_family:Montserrat%3Aregular%2C700|font_style:700%20bold%20regular%3A700%3Anormal\u00bb][vc_empty_space height=\u00bb10px\u00bb][vc_separator color=\u00bbcustom\u00bb align=\u00bbalign_left\u00bb border_width=\u00bb2&#8243; el_width=\u00bb10&#8243; accent_color=\u00bb#143f77&#8243; css=\u00bb.vc_custom_1523968345201{margin-top: 0px !important;margin-bottom: 0px !important;padding-top: 0px !important;padding-bottom: 0px !important;}\u00bb][vc_empty_space height=\u00bb10px\u00bb][vc_column_text]<\/p>\n<p style=\"text-align: justify;\">La voluntad de agregar peque\u00f1as pero productivas realidades capaces de convertirse en una buena alternativa a las grandes industrias nace en los a\u00f1os 90 con la creaci\u00f3n del Grupo CSF Inox. La fuerza de nuestro grupo reside en la flexibilidad de peque\u00f1as empresas que proponen una oferta comparable a la de los grandes actores del mercado. En estos 20 a\u00f1os, el Grupo CSF compr\u00f3, en primer lugar, Bardiani de Fornovo Taro, empresa prometedora en el sector de producci\u00f3n de v\u00e1lvulas sanitarias, posteriormente OMAC de Reggio Emilia, que sigue siendo el \u00fanico fabricante italiano de una gama completa de bombas volum\u00e9tricas de l\u00f3bulos, y recientemente MBS de Parma, especializada en intercambiadores de calor con tubo corrugado. En la actualidad, el grupo cuenta con 300 empleados y un volumen de negocio de m\u00e1s de 60 millones de euros.<\/p>\n<p>[\/vc_column_text][vc_raw_html]JTNDZGl2JTIwY2xhc3MlM0QlMjJyd2QtdmlkZW8lMjIlM0UlM0NpZnJhbWUlMjBzcmMlM0QlMjJodHRwcyUzQSUyRiUyRnd3dy55b3V0dWJlLmNvbSUyRmVtYmVkJTJGM1BPQm1WSVAwbWslM0ZyZWwlM0QwJTI2YW1wJTNCc2hvd2luZm8lM0QwJTIyJTIwd2lkdGglM0QlMjI4NTMlMjIlMjBoZWlnaHQlM0QlMjI0ODAlMjIlMjBmcmFtZWJvcmRlciUzRCUyMjAlMjIlMjBhbGxvd2Z1bGxzY3JlZW4lM0QlMjJhbGxvd2Z1bGxzY3JlZW4lMjIlM0UlM0MlMkZpZnJhbWUlM0UlM0MlMkZkaXYlM0U=[\/vc_raw_html][vc_custom_heading text=\u00bbNuestros valores\u00bb font_container=\u00bbtag:h3|text_align:left|color:%23213978&#8243; google_fonts=\u00bbfont_family:Montserrat%3Aregular%2C700|font_style:700%20bold%20regular%3A700%3Anormal\u00bb][vc_empty_space height=\u00bb10px\u00bb][vc_separator color=\u00bbcustom\u00bb align=\u00bbalign_left\u00bb border_width=\u00bb2&#8243; el_width=\u00bb10&#8243; accent_color=\u00bb#143f77&#8243; css=\u00bb.vc_custom_1523968345201{margin-top: 0px !important;margin-bottom: 0px !important;padding-top: 0px !important;padding-bottom: 0px !important;}\u00bb][vc_empty_space height=\u00bb10px\u00bb][vc_column_text]<\/p>\n<div class=\"wpb_text_column wpb_content_element \">\n<div class=\"wpb_wrapper\">\n<p>Sin perder de vista en ning\u00fan momento la pol\u00edtica de expansi\u00f3n, nuestro objetivo principal son las personas y los valores relacionados con ellas. No es casualidad que en el mundo se nos conozca por la relaci\u00f3n que sabemos construir con los clientes, los proveedores y los colaboradores. Este principio nos ha permitido consolidar \u00f3ptimas relaciones a lo largo de los a\u00f1os y aumentar la confianza que las personas depositan en nuestro trabajo. En nuestras instalaciones, independientemente del lugar en el que se encuentren, late una parte de nuestro coraz\u00f3n italiano.<\/p>\n<\/div>\n<\/div>\n<p>[\/vc_column_text][vc_custom_heading text=\u00bbJuntos para ser m\u00e1s fuertes\u00bb font_container=\u00bbtag:h3|text_align:left|color:%23213978&#8243; google_fonts=\u00bbfont_family:Montserrat%3Aregular%2C700|font_style:700%20bold%20regular%3A700%3Anormal\u00bb][vc_empty_space height=\u00bb10px\u00bb][vc_separator color=\u00bbcustom\u00bb align=\u00bbalign_left\u00bb border_width=\u00bb2&#8243; el_width=\u00bb10&#8243; accent_color=\u00bb#143f77&#8243; css=\u00bb.vc_custom_1523968345201{margin-top: 0px !important;margin-bottom: 0px !important;padding-top: 0px !important;padding-bottom: 0px !important;}\u00bb][vc_empty_space height=\u00bb10px\u00bb][vc_column_text]<\/p>\n<div class=\"vc_row wpb_row vc_row-fluid vc_custom_1523953825332 vc_row-o-content-top vc_row-flex\">\n<div class=\"wpb_column vc_column_container vc_col-md-12\">\n<div class=\"vc_column-inner\">\n<div class=\"wpb_wrapper\">\n<div class=\"wpb_text_column wpb_content_element \">\n<div class=\"wpb_wrapper\">\n<p>Las empresas del Grupo CSF Inox se dirigen con orgullo a una clientela altamente exigente y selectiva de sectores industriales caracterizados por tecnolog\u00edas de vanguardia y en continua evoluci\u00f3n. El Grupo CSF Inox propone al mercado dos puntos clave fundamentales: productos de calidad y flexibilidad operativa de m\u00e1ximo nivel. Este segundo punto, dif\u00edcil de alcanzar por las grandes multinacionales debido a evidentes problemas de organizaci\u00f3n y tramitaci\u00f3n, representa uno de los aspectos de excelencia del grupo. Esto implica una b\u00fasqueda continua de innovaci\u00f3n tanto a nivel de producto y tecnolog\u00eda como de procesos internos y servicios ofrecidos. La competitividad, la pol\u00edtica industrial, la innovaci\u00f3n y el crecimiento de los recursos humanos son piezas de un \u00fanico modelo de empresa al que nuestro Grupo hace referencia.<\/p>\n<\/div>\n<\/div>\n<\/div>\n<\/div>\n<\/div>\n<\/div>\n<p>[\/vc_column_text][\/vc_column][\/vc_row][vc_row][vc_column][vc_separator][vc_single_image image=\u00bb9695&#8243; img_size=\u00bb\u00bb alignment=\u00bbcenter\u00bb][\/vc_column][\/vc_row][vc_row equal_height=\u00bbyes\u00bb content_placement=\u00bbmiddle\u00bb css=\u00bb.vc_custom_1529049780236{margin-bottom: 30px !important;}\u00bb][vc_column width=\u00bb1\/2&#8243;][vc_custom_heading text=\u00bbV\u00e1lvulas\u00bb font_container=\u00bbtag:h3|text_align:left|color:%23213978&#8243; google_fonts=\u00bbfont_family:Montserrat%3Aregular%2C700|font_style:700%20bold%20regular%3A700%3Anormal\u00bb][vc_empty_space height=\u00bb10px\u00bb][vc_separator color=\u00bbcustom\u00bb align=\u00bbalign_left\u00bb border_width=\u00bb2&#8243; el_width=\u00bb10&#8243; accent_color=\u00bb#143f77&#8243; css=\u00bb.vc_custom_1523968345201{margin-top: 0px !important;margin-bottom: 0px !important;padding-top: 0px !important;padding-bottom: 0px !important;}\u00bb][vc_empty_space height=\u00bb10px\u00bb][vc_column_text]<\/p>\n<p style=\"text-align: justify;\">Bardiani Valvole Spa es una importante realidad italiana con sede en Fornovo Taro que dise\u00f1a, fabrica y comercializa desde Italia en m\u00e1s de 80 pa\u00edses v\u00e1lvulas para las industrias del sector l\u00e1cteo, de proceso alimentario y bebidas, farmac\u00e9utica y cosm\u00e9tica. La combinaci\u00f3n entre tecnolog\u00eda, personalizaci\u00f3n y cuidado del servicio convierte a Bardiani Valvole en un proveedor \u00fanico en cuanto a flexibilidad de producci\u00f3n y capacidad para dar respuesta a las exigencias de los clientes.<\/p>\n<p>[\/vc_column_text][vc_btn title=\u00bbVISITA EL SITIO\u00bb style=\u00bboutline-custom\u00bb outline_custom_color=\u00bb#143f77&#8243; outline_custom_hover_background=\u00bb#143f77&#8243; outline_custom_hover_text=\u00bb#ffffff\u00bb shape=\u00bbsquare\u00bb size=\u00bblg\u00bb align=\u00bbleft\u00bb i_icon_fontawesome=\u00bbfas fa-angle-right\u00bb add_icon=\u00bbtrue\u00bb link=\u00bburl:https%3A%2F%2Fwww.bardiani.com|target:%20_blank|\u00bb][\/vc_column][vc_column width=\u00bb1\/2&#8243;][vc_single_image image=\u00bb9680&#8243; img_size=\u00bbfull\u00bb alignment=\u00bbcenter\u00bb][\/vc_column][\/vc_row][vc_row][vc_column][vc_separator][vc_single_image image=\u00bb9713&#8243; img_size=\u00bb\u00bb alignment=\u00bbcenter\u00bb][\/vc_column][\/vc_row][vc_row equal_height=\u00bbyes\u00bb content_placement=\u00bbmiddle\u00bb css=\u00bb.vc_custom_1529049780236{margin-bottom: 30px !important;}\u00bb][vc_column width=\u00bb1\/2&#8243;][vc_custom_heading text=\u00bbBombas\u00bb font_container=\u00bbtag:h3|text_align:left|color:%23213978&#8243; google_fonts=\u00bbfont_family:Montserrat%3Aregular%2C700|font_style:700%20bold%20regular%3A700%3Anormal\u00bb][vc_empty_space height=\u00bb10px\u00bb][vc_separator color=\u00bbcustom\u00bb align=\u00bbalign_left\u00bb border_width=\u00bb2&#8243; el_width=\u00bb10&#8243; accent_color=\u00bb#143f77&#8243; css=\u00bb.vc_custom_1523968345201{margin-top: 0px !important;margin-bottom: 0px !important;padding-top: 0px !important;padding-bottom: 0px !important;}\u00bb][vc_empty_space height=\u00bb10px\u00bb][vc_column_text]<\/p>\n<p style=\"text-align: justify;\">CSF Inox Spa fue fundada en 1970 en Montecchio Emilia, peque\u00f1a ciudad del norte de Italia, y en la actualidad se ha convertido en una de las empresas m\u00e1s importantes de Italia y Europa en la producci\u00f3n de bombas dise\u00f1adas principalmente para el sector de las industrias alimentaria, de bebidas, de productos l\u00e1cteos, qu\u00edmica y farmac\u00e9utica. La empresa, sin\u00f3nimo de calidad y alta especializaci\u00f3n, ofrece al mercado internacional una gama extremadamente completa de productos capaces de satisfacer m\u00faltiples aplicaciones dentro de estos sectores. CSF Inox ofrece<\/p>\n<p>[\/vc_column_text][vc_btn title=\u00bbVISITA EL SITIO\u00bb style=\u00bboutline-custom\u00bb outline_custom_color=\u00bb#143f77&#8243; outline_custom_hover_background=\u00bb#143f77&#8243; outline_custom_hover_text=\u00bb#ffffff\u00bb shape=\u00bbsquare\u00bb size=\u00bblg\u00bb align=\u00bbleft\u00bb i_icon_fontawesome=\u00bbfas fa-angle-right\u00bb add_icon=\u00bbtrue\u00bb link=\u00bburl:https%3A%2F%2Fwww.csf.it%2Fes|target:_blank\u00bb][\/vc_column][vc_column width=\u00bb1\/2&#8243;][vc_single_image image=\u00bb9710&#8243; img_size=\u00bbfull\u00bb alignment=\u00bbcenter\u00bb][\/vc_column][\/vc_row][vc_row][vc_column][vc_separator][vc_single_image image=\u00bb9716&#8243; img_size=\u00bbfull\u00bb alignment=\u00bbcenter\u00bb][\/vc_column][\/vc_row][vc_row equal_height=\u00bbyes\u00bb content_placement=\u00bbmiddle\u00bb css=\u00bb.vc_custom_1529049780236{margin-bottom: 30px !important;}\u00bb][vc_column width=\u00bb1\/2&#8243;][vc_custom_heading text=\u00bbIntercambiadores de calor\u00bb font_container=\u00bbtag:h3|text_align:left|color:%23213978&#8243; google_fonts=\u00bbfont_family:Montserrat%3Aregular%2C700|font_style:700%20bold%20regular%3A700%3Anormal\u00bb][vc_empty_space height=\u00bb10px\u00bb][vc_separator color=\u00bbcustom\u00bb align=\u00bbalign_left\u00bb border_width=\u00bb2&#8243; el_width=\u00bb10&#8243; accent_color=\u00bb#143f77&#8243; css=\u00bb.vc_custom_1523968345201{margin-top: 0px !important;margin-bottom: 0px !important;padding-top: 0px !important;padding-bottom: 0px !important;}\u00bb][vc_empty_space height=\u00bb10px\u00bb][vc_column_text]<\/p>\n<p style=\"text-align: justify;\">MBS srl dise\u00f1a y fabrica intercambiadores de calor de tubos y de superficie rascada. Fue fundada en Parma en 1995 por un equipo de empresarios y dise\u00f1adores con treinta a\u00f1os de experiencia. Tras dos a\u00f1os de investigaci\u00f3n y desarrollo sobre los efectos de los tubos corrugados en el intercambio t\u00e9rmico, en colaboraci\u00f3n con la Facultad de Ingenier\u00eda de la Universit\u00e0 degli Studi di Parma, MBS logr\u00f3 ocupar los primeros puestos del mercado. Gracias a ello pudo dise\u00f1ar un programa de an\u00e1lisis de la fluidodin\u00e1mica que permite seleccionar y optimizar la capacidad para ofrecer el intercambiador m\u00e1s adecuado y eficiente a cada tipo de aplicaci\u00f3n.<\/p>\n<p>[\/vc_column_text][vc_btn title=\u00bbNUESTROS PRODUCTOS\u00bb style=\u00bboutline-custom\u00bb outline_custom_color=\u00bb#143f77&#8243; outline_custom_hover_background=\u00bb#143f77&#8243; outline_custom_hover_text=\u00bb#ffffff\u00bb shape=\u00bbsquare\u00bb size=\u00bblg\u00bb align=\u00bbleft\u00bb i_icon_fontawesome=\u00bbfas fa-angle-right\u00bb add_icon=\u00bbtrue\u00bb link=\u00bburl:https%3A%2F%2Fwww.mbs-europe.com%2Fes%2Fproductos%2F|\u00bb][\/vc_column][vc_column width=\u00bb1\/2&#8243;][vc_single_image image=\u00bb9683&#8243; img_size=\u00bbfull\u00bb alignment=\u00bbcenter\u00bb][\/vc_column][\/vc_row][vc_row][vc_column][vc_separator][vc_single_image image=\u00bb9719&#8243; img_size=\u00bbfull\u00bb alignment=\u00bbcenter\u00bb][\/vc_column][\/vc_row][vc_row equal_height=\u00bbyes\u00bb content_placement=\u00bbmiddle\u00bb css=\u00bb.vc_custom_1529049780236{margin-bottom: 30px !important;}\u00bb][vc_column width=\u00bb1\/2&#8243;][vc_custom_heading text=\u00bbBombas volum\u00e9tricas de l\u00f3bulos\u00bb font_container=\u00bbtag:h3|text_align:left|color:%23213978&#8243; google_fonts=\u00bbfont_family:Montserrat%3Aregular%2C700|font_style:700%20bold%20regular%3A700%3Anormal\u00bb][vc_empty_space height=\u00bb10px\u00bb][vc_separator color=\u00bbcustom\u00bb align=\u00bbalign_left\u00bb border_width=\u00bb2&#8243; el_width=\u00bb10&#8243; accent_color=\u00bb#143f77&#8243; css=\u00bb.vc_custom_1523968345201{margin-top: 0px !important;margin-bottom: 0px !important;padding-top: 0px !important;padding-bottom: 0px !important;}\u00bb][vc_empty_space height=\u00bb10px\u00bb][vc_column_text]<\/p>\n<p style=\"text-align: justify;\">OMAC S.r.l. es la \u00fanica empresa italiana especializada en la fabricaci\u00f3n de bombas volum\u00e9tricas de l\u00f3bulos de acero inoxidable AISI 316L y aleaciones especiales como, por ejemplo, Hastelloy, Monel y de titanio. La gama actual es fruto de la amplia experiencia alcanzada trabajando con empresas l\u00edderes de los sectores alimentario, qu\u00edmico, cosm\u00e9tico y farmac\u00e9utico. Nace en los primeros a\u00f1os sesenta como una peque\u00f1a realidad artesanal que se dedicaba a la fabricaci\u00f3n de m\u00e1quinas y sistemas para las industrias cer\u00e1mica y alimentaria de la zona. Posteriormente, la empresa se desarrolla y especializa en la producci\u00f3n de bombas de l\u00f3bulos y en la actualidad es una realidad consolidada y conocida en todo el mundo.<\/p>\n<p>[\/vc_column_text][vc_btn title=\u00bbVISITA EL SITIO\u00bb style=\u00bboutline-custom\u00bb outline_custom_color=\u00bb#143f77&#8243; outline_custom_hover_background=\u00bb#143f77&#8243; outline_custom_hover_text=\u00bb#ffffff\u00bb shape=\u00bbsquare\u00bb size=\u00bblg\u00bb align=\u00bbleft\u00bb i_icon_fontawesome=\u00bbfas fa-angle-right\u00bb add_icon=\u00bbtrue\u00bb link=\u00bburl:http%3A%2F%2Fwww.omacpompe.com%2F|target:%20_blank|\u00bb][\/vc_column][vc_column width=\u00bb1\/2&#8243;][vc_single_image image=\u00bb9686&#8243; img_size=\u00bbfull\u00bb][\/vc_column][\/vc_row]<\/p>\n","protected":false},"excerpt":{"rendered":"<p>[vc_row][vc_column][vc_single_image image=\u00bb9665&#8243; img_size=\u00bbfull\u00bb alignment=\u00bbcenter\u00bb css=\u00bb.vc_custom_1529919716905{margin-bottom: 0px !important;}\u00bb][\/vc_column][\/vc_row][vc_row content_placement=\u00bbtop\u00bb css=\u00bb.vc_custom_1523953825332{margin-bottom: 30px !important;}\u00bb][vc_column][vc_custom_heading text=\u00bbLa historia de un grupo\u00bb font_container=\u00bbtag:h3|text_align:left|color:%23213978&#8243; google_fonts=\u00bbfont_family:Montserrat%3Aregular%2C700|font_style:700%20bold%20regular%3A700%3Anormal\u00bb][vc_empty_space height=\u00bb10px\u00bb][vc_separator color=\u00bbcustom\u00bb align=\u00bbalign_left\u00bb border_width=\u00bb2&#8243; el_width=\u00bb10&#8243; accent_color=\u00bb#143f77&#8243; css=\u00bb.vc_custom_1523968345201{margin-top: 0px !important;margin-bottom: 0px !important;padding-top: 0px !important;padding-bottom: 0px !important;}\u00bb][vc_empty_space height=\u00bb10px\u00bb][vc_column_text] La voluntad de agregar peque\u00f1as pero &hellip;<\/p>\n","protected":false},"author":1,"featured_media":0,"parent":9143,"menu_order":0,"comment_status":"closed","ping_status":"closed","template":"","meta":{"_acf_changed":false,"_lmt_disableupdate":"","_lmt_disable":"","footnotes":""},"class_list":["post-9301","page","type-page","status-publish","hentry"],"acf":[],"yoast_head":"<!-- This site is optimized with the Yoast SEO plugin v27.3 - https:\/\/yoast.com\/product\/yoast-seo-wordpress\/ -->\n<title>Partnership - MBS S.r.l.<\/title>\n<meta name=\"robots\" content=\"index, follow, max-snippet:-1, max-image-preview:large, max-video-preview:-1\" \/>\n<link rel=\"canonical\" href=\"https:\/\/www.mbs-europe.com\/es\/empresa\/partnership\/\" \/>\n<meta property=\"og:locale\" content=\"es_ES\" \/>\n<meta property=\"og:type\" content=\"article\" \/>\n<meta property=\"og:title\" content=\"Partnership - MBS S.r.l.\" \/>\n<meta property=\"og:description\" content=\"[vc_row][vc_column][vc_single_image image=\u00bb9665&#8243; img_size=\u00bbfull\u00bb alignment=\u00bbcenter\u00bb css=\u00bb.vc_custom_1529919716905{margin-bottom: 0px !important;}\u00bb][\/vc_column][\/vc_row][vc_row content_placement=\u00bbtop\u00bb css=\u00bb.vc_custom_1523953825332{margin-bottom: 30px !important;}\u00bb][vc_column][vc_custom_heading text=\u00bbLa historia de un grupo\u00bb font_container=\u00bbtag:h3|text_align:left|color:%23213978&#8243; google_fonts=\u00bbfont_family:Montserrat%3Aregular%2C700|font_style:700%20bold%20regular%3A700%3Anormal\u00bb][vc_empty_space height=\u00bb10px\u00bb][vc_separator color=\u00bbcustom\u00bb align=\u00bbalign_left\u00bb border_width=\u00bb2&#8243; el_width=\u00bb10&#8243; accent_color=\u00bb#143f77&#8243; css=\u00bb.vc_custom_1523968345201{margin-top: 0px !important;margin-bottom: 0px !important;padding-top: 0px !important;padding-bottom: 0px !important;}\u00bb][vc_empty_space height=\u00bb10px\u00bb][vc_column_text] La voluntad de agregar peque\u00f1as pero &hellip;\" \/>\n<meta property=\"og:url\" content=\"https:\/\/www.mbs-europe.com\/es\/empresa\/partnership\/\" \/>\n<meta property=\"og:site_name\" content=\"MBS S.r.l.\" \/>\n<meta property=\"article:modified_time\" content=\"2024-01-11T09:00:48+00:00\" \/>\n<meta name=\"twitter:card\" content=\"summary_large_image\" \/>\n<meta name=\"twitter:label1\" content=\"Tiempo de lectura\" \/>\n\t<meta name=\"twitter:data1\" content=\"6 minutos\" \/>\n<script type=\"application\/ld+json\" class=\"yoast-schema-graph\">{\"@context\":\"https:\\\/\\\/schema.org\",\"@graph\":[{\"@type\":\"WebPage\",\"@id\":\"https:\\\/\\\/www.mbs-europe.com\\\/es\\\/empresa\\\/partnership\\\/\",\"url\":\"https:\\\/\\\/www.mbs-europe.com\\\/es\\\/empresa\\\/partnership\\\/\",\"name\":\"Partnership - MBS S.r.l.\",\"isPartOf\":{\"@id\":\"https:\\\/\\\/www.mbs-europe.com\\\/#website\"},\"datePublished\":\"2018-06-06T12:52:35+00:00\",\"dateModified\":\"2024-01-11T09:00:48+00:00\",\"breadcrumb\":{\"@id\":\"https:\\\/\\\/www.mbs-europe.com\\\/es\\\/empresa\\\/partnership\\\/#breadcrumb\"},\"inLanguage\":\"es\",\"potentialAction\":[{\"@type\":\"ReadAction\",\"target\":[\"https:\\\/\\\/www.mbs-europe.com\\\/es\\\/empresa\\\/partnership\\\/\"]}]},{\"@type\":\"BreadcrumbList\",\"@id\":\"https:\\\/\\\/www.mbs-europe.com\\\/es\\\/empresa\\\/partnership\\\/#breadcrumb\",\"itemListElement\":[{\"@type\":\"ListItem\",\"position\":1,\"name\":\"Home\",\"item\":\"https:\\\/\\\/www.mbs-europe.com\\\/es\\\/\"},{\"@type\":\"ListItem\",\"position\":2,\"name\":\"Empresa\",\"item\":\"https:\\\/\\\/www.mbs-europe.com\\\/es\\\/empresa\\\/\"},{\"@type\":\"ListItem\",\"position\":3,\"name\":\"Partnership\"}]},{\"@type\":\"WebSite\",\"@id\":\"https:\\\/\\\/www.mbs-europe.com\\\/#website\",\"url\":\"https:\\\/\\\/www.mbs-europe.com\\\/\",\"name\":\"MBS S.r.l.\",\"description\":\"Scambiatori di calore a tubo corrugato\",\"potentialAction\":[{\"@type\":\"SearchAction\",\"target\":{\"@type\":\"EntryPoint\",\"urlTemplate\":\"https:\\\/\\\/www.mbs-europe.com\\\/?s={search_term_string}\"},\"query-input\":{\"@type\":\"PropertyValueSpecification\",\"valueRequired\":true,\"valueName\":\"search_term_string\"}}],\"inLanguage\":\"es\"}]}<\/script>\n<!-- \/ Yoast SEO plugin. -->","yoast_head_json":{"title":"Partnership - MBS S.r.l.","robots":{"index":"index","follow":"follow","max-snippet":"max-snippet:-1","max-image-preview":"max-image-preview:large","max-video-preview":"max-video-preview:-1"},"canonical":"https:\/\/www.mbs-europe.com\/es\/empresa\/partnership\/","og_locale":"es_ES","og_type":"article","og_title":"Partnership - MBS S.r.l.","og_description":"[vc_row][vc_column][vc_single_image image=\u00bb9665&#8243; img_size=\u00bbfull\u00bb alignment=\u00bbcenter\u00bb css=\u00bb.vc_custom_1529919716905{margin-bottom: 0px !important;}\u00bb][\/vc_column][\/vc_row][vc_row content_placement=\u00bbtop\u00bb css=\u00bb.vc_custom_1523953825332{margin-bottom: 30px !important;}\u00bb][vc_column][vc_custom_heading text=\u00bbLa historia de un grupo\u00bb font_container=\u00bbtag:h3|text_align:left|color:%23213978&#8243; google_fonts=\u00bbfont_family:Montserrat%3Aregular%2C700|font_style:700%20bold%20regular%3A700%3Anormal\u00bb][vc_empty_space height=\u00bb10px\u00bb][vc_separator color=\u00bbcustom\u00bb align=\u00bbalign_left\u00bb border_width=\u00bb2&#8243; el_width=\u00bb10&#8243; accent_color=\u00bb#143f77&#8243; css=\u00bb.vc_custom_1523968345201{margin-top: 0px !important;margin-bottom: 0px !important;padding-top: 0px !important;padding-bottom: 0px !important;}\u00bb][vc_empty_space height=\u00bb10px\u00bb][vc_column_text] La voluntad de agregar peque\u00f1as pero &hellip;","og_url":"https:\/\/www.mbs-europe.com\/es\/empresa\/partnership\/","og_site_name":"MBS S.r.l.","article_modified_time":"2024-01-11T09:00:48+00:00","twitter_card":"summary_large_image","twitter_misc":{"Tiempo de lectura":"6 minutos"},"schema":{"@context":"https:\/\/schema.org","@graph":[{"@type":"WebPage","@id":"https:\/\/www.mbs-europe.com\/es\/empresa\/partnership\/","url":"https:\/\/www.mbs-europe.com\/es\/empresa\/partnership\/","name":"Partnership - MBS S.r.l.","isPartOf":{"@id":"https:\/\/www.mbs-europe.com\/#website"},"datePublished":"2018-06-06T12:52:35+00:00","dateModified":"2024-01-11T09:00:48+00:00","breadcrumb":{"@id":"https:\/\/www.mbs-europe.com\/es\/empresa\/partnership\/#breadcrumb"},"inLanguage":"es","potentialAction":[{"@type":"ReadAction","target":["https:\/\/www.mbs-europe.com\/es\/empresa\/partnership\/"]}]},{"@type":"BreadcrumbList","@id":"https:\/\/www.mbs-europe.com\/es\/empresa\/partnership\/#breadcrumb","itemListElement":[{"@type":"ListItem","position":1,"name":"Home","item":"https:\/\/www.mbs-europe.com\/es\/"},{"@type":"ListItem","position":2,"name":"Empresa","item":"https:\/\/www.mbs-europe.com\/es\/empresa\/"},{"@type":"ListItem","position":3,"name":"Partnership"}]},{"@type":"WebSite","@id":"https:\/\/www.mbs-europe.com\/#website","url":"https:\/\/www.mbs-europe.com\/","name":"MBS S.r.l.","description":"Scambiatori di calore a tubo corrugato","potentialAction":[{"@type":"SearchAction","target":{"@type":"EntryPoint","urlTemplate":"https:\/\/www.mbs-europe.com\/?s={search_term_string}"},"query-input":{"@type":"PropertyValueSpecification","valueRequired":true,"valueName":"search_term_string"}}],"inLanguage":"es"}]}},"_links":{"self":[{"href":"https:\/\/www.mbs-europe.com\/es\/wp-json\/wp\/v2\/pages\/9301","targetHints":{"allow":["GET"]}}],"collection":[{"href":"https:\/\/www.mbs-europe.com\/es\/wp-json\/wp\/v2\/pages"}],"about":[{"href":"https:\/\/www.mbs-europe.com\/es\/wp-json\/wp\/v2\/types\/page"}],"author":[{"embeddable":true,"href":"https:\/\/www.mbs-europe.com\/es\/wp-json\/wp\/v2\/users\/1"}],"replies":[{"embeddable":true,"href":"https:\/\/www.mbs-europe.com\/es\/wp-json\/wp\/v2\/comments?post=9301"}],"version-history":[{"count":10,"href":"https:\/\/www.mbs-europe.com\/es\/wp-json\/wp\/v2\/pages\/9301\/revisions"}],"predecessor-version":[{"id":12479,"href":"https:\/\/www.mbs-europe.com\/es\/wp-json\/wp\/v2\/pages\/9301\/revisions\/12479"}],"up":[{"embeddable":true,"href":"https:\/\/www.mbs-europe.com\/es\/wp-json\/wp\/v2\/pages\/9143"}],"wp:attachment":[{"href":"https:\/\/www.mbs-europe.com\/es\/wp-json\/wp\/v2\/media?parent=9301"}],"curies":[{"name":"wp","href":"https:\/\/api.w.org\/{rel}","templated":true}]}}